{"id":1677,"date":"2024-03-15T11:23:16","date_gmt":"2024-03-15T10:23:16","guid":{"rendered":"https:\/\/frigofernelmont.abako.be\/arbeitsmethode\/"},"modified":"2024-10-31T11:51:30","modified_gmt":"2024-10-31T10:51:30","slug":"dienstleistungen","status":"publish","type":"page","link":"https:\/\/www.frigofernelmont.be\/de\/dienstleistungen\/","title":{"rendered":"Dienstleistungen"},"content":{"rendered":"\t\t<div data-elementor-type=\"wp-page\" data-elementor-id=\"1677\" class=\"elementor elementor-1677 elementor-620\" data-elementor-post-type=\"page\">\n\t\t\t\t<div class=\"elementor-element elementor-element-10331c7 e-flex e-con-boxed e-con e-parent\" data-id=\"10331c7\" data-element_type=\"container\" data-settings=\"{&quot;background_background&quot;:&quot;classic&quot;,&quot;shape_divider_bottom&quot;:&quot;curve&quot;}\">\n\t\t\t\t\t<div class=\"e-con-inner\">\n\t\t\t\t<div class=\"elementor-shape elementor-shape-bottom\" data-negative=\"false\">\n\t\t\t<svg xmlns=\"http:\/\/www.w3.org\/2000\/svg\" viewBox=\"0 0 1000 100\" preserveAspectRatio=\"none\">\n    <path class=\"elementor-shape-fill\" d=\"M1000,4.3V0H0v4.3C0.9,23.1,126.7,99.2,500,100S1000,22.7,1000,4.3z\"\/>\n<\/svg>\t\t<\/div>\n\t\t\t\t\t<\/div>\n\t\t\t\t<\/div>\n\t\t<div class=\"elementor-element elementor-element-aa20264 e-flex e-con-boxed e-con e-parent\" data-id=\"aa20264\" data-element_type=\"container\" data-settings=\"{&quot;background_background&quot;:&quot;classic&quot;}\">\n\t\t\t\t\t<div class=\"e-con-inner\">\n\t\t<div class=\"elementor-element elementor-element-d7630f5 e-con-full e-flex e-con e-child\" data-id=\"d7630f5\" data-element_type=\"container\">\n\t\t\t\t<div class=\"elementor-element elementor-element-2fd1130 elementor-widget elementor-widget-heading\" data-id=\"2fd1130\" data-element_type=\"widget\" data-widget_type=\"heading.default\">\n\t\t\t\t<div class=\"elementor-widget-container\">\n\t\t\t<h2 class=\"elementor-heading-title elementor-size-default\">K\u00dcHLEN<\/h2>\t\t<\/div>\n\t\t\t\t<\/div>\n\t\t\t\t<\/div>\n\t\t<div class=\"elementor-element elementor-element-6ce0777 e-con-full e-flex e-con e-child\" data-id=\"6ce0777\" data-element_type=\"container\">\n\t\t<div class=\"elementor-element elementor-element-7a01e24 e-con-full e-flex e-con e-child\" data-id=\"7a01e24\" data-element_type=\"container\" data-settings=\"{&quot;background_background&quot;:&quot;classic&quot;}\">\n\t\t\t\t<\/div>\n\t\t<div class=\"elementor-element elementor-element-f73a020 e-con-full e-flex e-con e-child\" data-id=\"f73a020\" data-element_type=\"container\">\n\t\t\t\t<div class=\"elementor-element elementor-element-fcc5b6e elementor-widget elementor-widget-text-editor\" data-id=\"fcc5b6e\" data-element_type=\"widget\" data-widget_type=\"text-editor.default\">\n\t\t\t\t<div class=\"elementor-widget-container\">\n\t\t\t\t\t\t\t<p><span style=\"color: #1e769c; font-size: 24px; font-weight: bolder;\">M\u00f6hren<\/span><\/p>\n<p>Die Karotten f\u00fcr die Lagerung werden im Oktober und November geerntet. Die Kisten werden auf dem Feld bef\u00fcllt und kommen ohne weitere Bearbeitung direkt ins K\u00fchlhaus. Dank moderner Ausr\u00fcstung und eines gro\u00dfen Be- und Entladebereichs verl\u00e4uft die Einlagerung sehr reibungslos. Eine Lagerkapazit\u00e4t in der Spitzenzeit von 2.000 Kisten pro Tag ist f\u00fcr uns kein Problem.   <\/p>\n<p>Einmal auf 1\u00b0C gek\u00fchlt, k\u00f6nnen die M\u00f6hren bis Juni gelagert werden. Durch die st\u00e4ndige Temperatur- und Produktkontrolle, das Bel\u00fcftungssystem und das feuchte Zellenklima k\u00f6nnen wir garantieren, dass die Karotten in bester Qualit\u00e4t erhalten bleiben. <\/p>\n\t\t\t\t\t\t<\/div>\n\t\t\t\t<\/div>\n\t\t\t\t<div class=\"elementor-element elementor-element-d0cd9f1 elementor-widget elementor-widget-text-editor\" data-id=\"d0cd9f1\" data-element_type=\"widget\" data-widget_type=\"text-editor.default\">\n\t\t\t\t<div class=\"elementor-widget-container\">\n\t\t\t\t\t\t\t<p><span style=\"color: #1e769c; font-size: 24px; font-weight: bolder;\">Chicor\u00e9e-M\u00f6hren<\/span><\/p>\n<p>Frigo Fernelmont konzentriert sich haupts\u00e4chlich auf die lange Lagerung von Chicor\u00e9e-M\u00f6hren. Dank unserer modernen Anlage k\u00f6nnen wir eine bessere Lagerung anbieten. Fragen Sie nach unseren Referenzen!  <\/p>\n<p>Chicor\u00e9e-Wurzeln k\u00f6nnen von Oktober bis Dezember angeliefert werden. Zum einen in Kisten, die direkt ins K\u00fchlhaus kommen, und zum anderen in loser Sch\u00fcttung zur Sortierung. Wir bieten eine ganzj\u00e4hrige Lagerung ohne Qualit\u00e4tsverlust der M\u00f6hren. Die konstante Temperatur in der Kiste nach der K\u00fchlung, die st\u00e4ndige Temperatur- und Produktkontrolle und ein spezielles Befeuchtungssystem erm\u00f6glichen eine Lagerung bis September.   <\/p>\n\t\t\t\t\t\t<\/div>\n\t\t\t\t<\/div>\n\t\t\t\t<\/div>\n\t\t\t\t<\/div>\n\t\t\t\t\t<\/div>\n\t\t\t\t<\/div>\n\t\t<div class=\"elementor-element elementor-element-d679700 e-flex e-con-boxed e-con e-parent\" data-id=\"d679700\" data-element_type=\"container\" data-settings=\"{&quot;background_background&quot;:&quot;classic&quot;}\">\n\t\t\t\t\t<div class=\"e-con-inner\">\n\t\t<div class=\"elementor-element elementor-element-90c8911 e-con-full e-flex e-con e-child\" data-id=\"90c8911\" data-element_type=\"container\">\n\t\t\t\t<div class=\"elementor-element elementor-element-96b351a elementor-widget elementor-widget-heading\" data-id=\"96b351a\" data-element_type=\"widget\" data-widget_type=\"heading.default\">\n\t\t\t\t<div class=\"elementor-widget-container\">\n\t\t\t<h2 class=\"elementor-heading-title elementor-size-default\">TROCKNEN UND K\u00dcHLEN<\/h2>\t\t<\/div>\n\t\t\t\t<\/div>\n\t\t\t\t<\/div>\n\t\t<div class=\"elementor-element elementor-element-bdf6997 e-con-full e-flex e-con e-child\" data-id=\"bdf6997\" data-element_type=\"container\">\n\t\t<div class=\"elementor-element elementor-element-b46f9f8 e-con-full e-flex e-con e-child\" data-id=\"b46f9f8\" data-element_type=\"container\">\n\t\t\t\t<div class=\"elementor-element elementor-element-14e7a43 elementor-widget-mobile__width-inherit elementor-widget elementor-widget-text-editor\" data-id=\"14e7a43\" data-element_type=\"widget\" data-widget_type=\"text-editor.default\">\n\t\t\t\t<div class=\"elementor-widget-container\">\n\t\t\t\t\t\t\t<p><span style=\"color: #1e769c; font-size: 24px; font-weight: bolder;\">Pflanzenkartoffeln<\/span><\/p>\n<p>Unmittelbar nach der Ernte k\u00f6nnen Pflanzkartoffeln in loser Sch\u00fcttung oder in Kisten zur Trocknung und Lagerung in den Zellen mit Kondensationstrocknung an uns geliefert werden. Hier werden die Kisten auf einen Spaltenboden gestellt, um eine starke und gleichm\u00e4\u00dfige Bel\u00fcftung des Produkts zu gew\u00e4hrleisten. Andererseits erhalten wir bereits ab November sortierte Ware, die ebenfalls als Sch\u00fcttgut oder in Kisten angeliefert wird. Wir halten die Lagertemperatur bei 4\u00b0C.   <\/p>\n<p>Wenn Sie Interesse an der Lagerung von Speisekartoffeln haben, nehmen Sie bitte Kontakt mit uns auf. Wir besprechen gerne mit Ihnen, was wir f\u00fcr Sie tun k\u00f6nnen. <\/p>\n\t\t\t\t\t\t<\/div>\n\t\t\t\t<\/div>\n\t\t\t\t<div class=\"elementor-element elementor-element-3345da9 elementor-widget-mobile__width-inherit elementor-widget elementor-widget-text-editor\" data-id=\"3345da9\" data-element_type=\"widget\" data-widget_type=\"text-editor.default\">\n\t\t\t\t<div class=\"elementor-widget-container\">\n\t\t\t\t\t\t\t<p><span style=\"color: #1e769c; font-size: 24px; font-weight: bolder;\">Zwiebeln<\/span><\/p>\n<p>Wie die Pflanzkartoffeln erhalten wir ab August auch die Zwiebeln vom Land, die wir \u00fcber die Rutsche in Kisten drehen und in der Kondensationstrocknung lagern. Diese Kisten stehen ebenfalls auf einem Gitterboden, damit m\u00f6glichst viel Luft durch das Produkt str\u00f6mt und die Zwiebeln trocken werden. Bei der Kondensationstrocknung wird die Luft, die durch den Verdampfer str\u00f6mt, entfeuchtet, so dass wir keine Heizger\u00e4te verwenden m\u00fcssen.  <\/p>\n<p>F\u00fcr jedes Produkt suchen wir nach den besten Lagerungsbedingungen zur Zufriedenheit aller.<\/p>\n\t\t\t\t\t\t<\/div>\n\t\t\t\t<\/div>\n\t\t\t\t<\/div>\n\t\t<div class=\"elementor-element elementor-element-cb7c51c e-con-full e-flex e-con e-child\" data-id=\"cb7c51c\" data-element_type=\"container\" data-settings=\"{&quot;background_background&quot;:&quot;classic&quot;}\">\n\t\t\t\t<\/div>\n\t\t\t\t<\/div>\n\t\t\t\t\t<\/div>\n\t\t\t\t<\/div>\n\t\t<div class=\"elementor-element elementor-element-c84ca6a e-flex e-con-boxed e-con e-parent\" data-id=\"c84ca6a\" data-element_type=\"container\" data-settings=\"{&quot;background_background&quot;:&quot;classic&quot;}\">\n\t\t\t\t\t<div class=\"e-con-inner\">\n\t\t<div class=\"elementor-element elementor-element-6ce52eb e-con-full e-flex e-con e-child\" data-id=\"6ce52eb\" data-element_type=\"container\">\n\t\t\t\t<div class=\"elementor-element elementor-element-db89b2f elementor-widget elementor-widget-heading\" data-id=\"db89b2f\" data-element_type=\"widget\" data-widget_type=\"heading.default\">\n\t\t\t\t<div class=\"elementor-widget-container\">\n\t\t\t<h2 class=\"elementor-heading-title elementor-size-default\">TIEFK\u00dcHLEN<\/h2>\t\t<\/div>\n\t\t\t\t<\/div>\n\t\t\t\t<\/div>\n\t\t<div class=\"elementor-element elementor-element-3760b30 e-con-full e-flex e-con e-child\" data-id=\"3760b30\" data-element_type=\"container\">\n\t\t<div class=\"elementor-element elementor-element-ca3ddc4 e-con-full e-flex e-con e-child\" data-id=\"ca3ddc4\" data-element_type=\"container\" data-settings=\"{&quot;background_background&quot;:&quot;classic&quot;}\">\n\t\t\t\t<\/div>\n\t\t<div class=\"elementor-element elementor-element-601c813 e-con-full e-flex e-con e-child\" data-id=\"601c813\" data-element_type=\"container\">\n\t\t\t\t<div class=\"elementor-element elementor-element-e3a37c9 elementor-widget elementor-widget-text-editor\" data-id=\"e3a37c9\" data-element_type=\"widget\" data-widget_type=\"text-editor.default\">\n\t\t\t\t<div class=\"elementor-widget-container\">\n\t\t\t\t\t\t\t<p>Frigo Fernelmont verf\u00fcgt \u00fcber 180.000 m\u00b3 K\u00fchlr\u00e4ume, von denen 75.000 m\u00b3 auf Tiefk\u00fchlung umgestellt werden k\u00f6nnen. Dadurch ist es m\u00f6glich, schnell auf die Nachfrage der Kunden zu reagieren. Wenn es einen \u00dcberschuss an K\u00fchlraum gibt und ein Bedarf an Gefrierraum besteht, drehen wir den Hahn auf und senken die Temperatur von -18\u00b0C bis -28\u00b0C, je nach Bedarf des Kunden.  <\/p>\n\t\t\t\t\t\t<\/div>\n\t\t\t\t<\/div>\n\t\t\t\t<div class=\"elementor-element elementor-element-683efd7 elementor-widget elementor-widget-text-editor\" data-id=\"683efd7\" data-element_type=\"widget\" data-widget_type=\"text-editor.default\">\n\t\t\t\t<div class=\"elementor-widget-container\">\n\t\t\t\t\t\t\t<p>F\u00fcr die Lagerung gibt es zum einen die M\u00f6glichkeit der Sch\u00fcttgutlagerung von Paletten, F\u00e4ssern oder Kisten, zum anderen ein modernes Regalsystem f\u00fcr nicht stapelbare G\u00fcter.<\/p>\n\t\t\t\t\t\t<\/div>\n\t\t\t\t<\/div>\n\t\t\t\t<div class=\"elementor-element elementor-element-8ac626b elementor-widget elementor-widget-text-editor\" data-id=\"8ac626b\" data-element_type=\"widget\" data-widget_type=\"text-editor.default\">\n\t\t\t\t<div class=\"elementor-widget-container\">\n\t\t\t\t\t\t\t<p>Der gesamte Warenumschlag erfolgt mit elektrischen Gabelstaplern, f\u00fcr das Be- und Entladen von Tiefk\u00fchl-LKWs stehen 2 Laderampen zur Verf\u00fcgung.<\/p>\n\t\t\t\t\t\t<\/div>\n\t\t\t\t<\/div>\n\t\t\t\t<\/div>\n\t\t\t\t<\/div>\n\t\t\t\t\t<\/div>\n\t\t\t\t<\/div>\n\t\t<div class=\"elementor-element elementor-element-9170a12 e-flex e-con-boxed e-con e-parent\" data-id=\"9170a12\" data-element_type=\"container\" data-settings=\"{&quot;background_background&quot;:&quot;classic&quot;}\">\n\t\t\t\t\t<div class=\"e-con-inner\">\n\t\t<div class=\"elementor-element elementor-element-9378a55 e-con-full e-flex e-con e-child\" data-id=\"9378a55\" data-element_type=\"container\">\n\t\t\t\t<div class=\"elementor-element elementor-element-6c2940d elementor-widget elementor-widget-heading\" data-id=\"6c2940d\" data-element_type=\"widget\" data-widget_type=\"heading.default\">\n\t\t\t\t<div class=\"elementor-widget-container\">\n\t\t\t<h2 class=\"elementor-heading-title elementor-size-default\">UMSCHLAG<\/h2>\t\t<\/div>\n\t\t\t\t<\/div>\n\t\t\t\t<\/div>\n\t\t<div class=\"elementor-element elementor-element-ab0eaca e-con-full e-flex e-con e-child\" data-id=\"ab0eaca\" data-element_type=\"container\">\n\t\t<div class=\"elementor-element elementor-element-ddf9da3 e-con-full e-flex e-con e-child\" data-id=\"ddf9da3\" data-element_type=\"container\">\n\t\t\t\t<div class=\"elementor-element elementor-element-b1d9218 elementor-widget elementor-widget-text-editor\" data-id=\"b1d9218\" data-element_type=\"widget\" data-widget_type=\"text-editor.default\">\n\t\t\t\t<div class=\"elementor-widget-container\">\n\t\t\t\t\t\t\t<p>Neben der K\u00fchlung und dem Gefrieren verf\u00fcgt Frigo Fernelmont \u00fcber einige Spezialmaschinen f\u00fcr das Handling von Waren.<\/p>\n\t\t\t\t\t\t<\/div>\n\t\t\t\t<\/div>\n\t\t\t\t<div class=\"elementor-element elementor-element-51da958 elementor-widget elementor-widget-text-editor\" data-id=\"51da958\" data-element_type=\"widget\" data-widget_type=\"text-editor.default\">\n\t\t\t\t<div class=\"elementor-widget-container\">\n\t\t\t\t\t\t\t<p>So bieten wir die M\u00f6glichkeit der:<\/p>\n<p><span style=\"color: #1e769c; font-weight: bold;\"><img decoding=\"async\" src=\"https:\/\/onlinereservation.frigofernelmont.be\/wp-content\/uploads\/2024\/03\/Icon-ion-snow-outline.svg\"> Schneiden und Gr\u00f6\u00dfensortierung von Chicor\u00e9e-M\u00f6hre<\/span><\/p>\n<p><span style=\"color: #1e769c; font-weight: bold;\"><img decoding=\"async\" src=\"https:\/\/onlinereservation.frigofernelmont.be\/wp-content\/uploads\/2024\/03\/Icon-ion-snow-outline.svg\"> Schneiden von M\u00f6hren und Zur\u00fccklegen in die Kist<\/span><\/p>\n<p><span style=\"color: #1e769c; font-weight: bold;\"><img decoding=\"async\" src=\"https:\/\/onlinereservation.frigofernelmont.be\/wp-content\/uploads\/2024\/03\/Icon-ion-snow-outline.svg\"> Schneiden von M\u00f6hren und Verladen als Sch\u00fcttgut auf Ihren Lastkraftwagen<\/span><\/p>\n<p><span style=\"color: #1e769c; font-weight: bold;\"><img decoding=\"async\" src=\"https:\/\/onlinereservation.frigofernelmont.be\/wp-content\/uploads\/2024\/03\/Icon-ion-snow-outline.svg\"> Annahme und Auslieferung von Zwiebeln und Pflanzkartoffeln in loser Sch\u00fcttung<br \/><\/span><\/p>\n\t\t\t\t\t\t<\/div>\n\t\t\t\t<\/div>\n\t\t\t\t<\/div>\n\t\t<div class=\"elementor-element elementor-element-9ac331e e-con-full e-flex e-con e-child\" data-id=\"9ac331e\" data-element_type=\"container\" data-settings=\"{&quot;background_background&quot;:&quot;classic&quot;}\">\n\t\t\t\t<\/div>\n\t\t\t\t<\/div>\n\t\t\t\t\t<\/div>\n\t\t\t\t<\/div>\n\t\t\t\t<\/div>\n\t\t","protected":false},"excerpt":{"rendered":"<p>K\u00dcHLEN M\u00f6hren Die Karotten f\u00fcr die Lagerung werden im Oktober und November geerntet. Die Kisten werden auf dem Feld bef\u00fcllt und kommen ohne weitere Bearbeitung direkt ins K\u00fchlhaus. Dank moderner Ausr\u00fcstung und eines gro\u00dfen Be- und Entladebereichs verl\u00e4uft die Einlagerung sehr reibungslos. Eine Lagerkapazit\u00e4t in der Spitzenzeit von 2.000 Kisten pro Tag ist f\u00fcr uns [&hellip;]<\/p>\n","protected":false},"author":1,"featured_media":0,"parent":0,"menu_order":0,"comment_status":"closed","ping_status":"closed","template":"","meta":{"footnotes":""},"class_list":["post-1677","page","type-page","status-publish","hentry"],"yoast_head":"<!-- This site is optimized with the Yoast SEO plugin v23.7 - https:\/\/yoast.com\/wordpress\/plugins\/seo\/ -->\n<title>Dienstleistungen - Frigo Fernelmont<\/title>\n<meta name=\"robots\" content=\"index, follow, max-snippet:-1, max-image-preview:large, max-video-preview:-1\" \/>\n<link rel=\"canonical\" href=\"https:\/\/www.frigofernelmont.be\/de\/dienstleistungen\/\" \/>\n<meta property=\"og:locale\" content=\"de_DE\" \/>\n<meta property=\"og:type\" content=\"article\" \/>\n<meta property=\"og:title\" content=\"Dienstleistungen - Frigo Fernelmont\" \/>\n<meta property=\"og:description\" content=\"K\u00dcHLEN M\u00f6hren Die Karotten f\u00fcr die Lagerung werden im Oktober und November geerntet. Die Kisten werden auf dem Feld bef\u00fcllt und kommen ohne weitere Bearbeitung direkt ins K\u00fchlhaus. Dank moderner Ausr\u00fcstung und eines gro\u00dfen Be- und Entladebereichs verl\u00e4uft die Einlagerung sehr reibungslos. Eine Lagerkapazit\u00e4t in der Spitzenzeit von 2.000 Kisten pro Tag ist f\u00fcr uns [&hellip;]\" \/>\n<meta property=\"og:url\" content=\"https:\/\/www.frigofernelmont.be\/de\/dienstleistungen\/\" \/>\n<meta property=\"og:site_name\" content=\"Frigo Fernelmont\" \/>\n<meta property=\"article:modified_time\" content=\"2024-10-31T10:51:30+00:00\" \/>\n<meta property=\"og:image\" content=\"https:\/\/onlinereservation.frigofernelmont.be\/wp-content\/uploads\/2024\/03\/Icon-ion-snow-outline.svg\" \/>\n<meta name=\"twitter:card\" content=\"summary_large_image\" \/>\n<meta name=\"twitter:label1\" content=\"Gesch\u00e4tzte Lesezeit\" \/>\n\t<meta name=\"twitter:data1\" content=\"4\u00a0Minuten\" \/>\n<script type=\"application\/ld+json\" class=\"yoast-schema-graph\">{\"@context\":\"https:\/\/schema.org\",\"@graph\":[{\"@type\":\"WebPage\",\"@id\":\"https:\/\/www.frigofernelmont.be\/de\/dienstleistungen\/\",\"url\":\"https:\/\/www.frigofernelmont.be\/de\/dienstleistungen\/\",\"name\":\"Dienstleistungen - Frigo Fernelmont\",\"isPartOf\":{\"@id\":\"https:\/\/www.frigofernelmont.be\/de\/#website\"},\"primaryImageOfPage\":{\"@id\":\"https:\/\/www.frigofernelmont.be\/de\/dienstleistungen\/#primaryimage\"},\"image\":{\"@id\":\"https:\/\/www.frigofernelmont.be\/de\/dienstleistungen\/#primaryimage\"},\"thumbnailUrl\":\"https:\/\/onlinereservation.frigofernelmont.be\/wp-content\/uploads\/2024\/03\/Icon-ion-snow-outline.svg\",\"datePublished\":\"2024-03-15T10:23:16+00:00\",\"dateModified\":\"2024-10-31T10:51:30+00:00\",\"breadcrumb\":{\"@id\":\"https:\/\/www.frigofernelmont.be\/de\/dienstleistungen\/#breadcrumb\"},\"inLanguage\":\"de\",\"potentialAction\":[{\"@type\":\"ReadAction\",\"target\":[\"https:\/\/www.frigofernelmont.be\/de\/dienstleistungen\/\"]}]},{\"@type\":\"ImageObject\",\"inLanguage\":\"de\",\"@id\":\"https:\/\/www.frigofernelmont.be\/de\/dienstleistungen\/#primaryimage\",\"url\":\"https:\/\/onlinereservation.frigofernelmont.be\/wp-content\/uploads\/2024\/03\/Icon-ion-snow-outline.svg\",\"contentUrl\":\"https:\/\/onlinereservation.frigofernelmont.be\/wp-content\/uploads\/2024\/03\/Icon-ion-snow-outline.svg\"},{\"@type\":\"BreadcrumbList\",\"@id\":\"https:\/\/www.frigofernelmont.be\/de\/dienstleistungen\/#breadcrumb\",\"itemListElement\":[{\"@type\":\"ListItem\",\"position\":1,\"name\":\"Home\",\"item\":\"https:\/\/www.frigofernelmont.be\/de\/\"},{\"@type\":\"ListItem\",\"position\":2,\"name\":\"Dienstleistungen\"}]},{\"@type\":\"WebSite\",\"@id\":\"https:\/\/www.frigofernelmont.be\/de\/#website\",\"url\":\"https:\/\/www.frigofernelmont.be\/de\/\",\"name\":\"Frigo Fernelmont\",\"description\":\"\",\"publisher\":{\"@id\":\"https:\/\/www.frigofernelmont.be\/de\/#organization\"},\"potentialAction\":[{\"@type\":\"SearchAction\",\"target\":{\"@type\":\"EntryPoint\",\"urlTemplate\":\"https:\/\/www.frigofernelmont.be\/de\/?s={search_term_string}\"},\"query-input\":{\"@type\":\"PropertyValueSpecification\",\"valueRequired\":true,\"valueName\":\"search_term_string\"}}],\"inLanguage\":\"de\"},{\"@type\":\"Organization\",\"@id\":\"https:\/\/www.frigofernelmont.be\/de\/#organization\",\"name\":\"Frigo Fernelmont\",\"url\":\"https:\/\/www.frigofernelmont.be\/de\/\",\"logo\":{\"@type\":\"ImageObject\",\"inLanguage\":\"de\",\"@id\":\"https:\/\/www.frigofernelmont.be\/de\/#\/schema\/logo\/image\/\",\"url\":\"https:\/\/www.frigofernelmont.be\/wp-content\/uploads\/2022\/07\/logo.png\",\"contentUrl\":\"https:\/\/www.frigofernelmont.be\/wp-content\/uploads\/2022\/07\/logo.png\",\"width\":315,\"height\":100,\"caption\":\"Frigo Fernelmont\"},\"image\":{\"@id\":\"https:\/\/www.frigofernelmont.be\/de\/#\/schema\/logo\/image\/\"}}]}<\/script>\n<!-- \/ Yoast SEO plugin. -->","yoast_head_json":{"title":"Dienstleistungen - Frigo Fernelmont","robots":{"index":"index","follow":"follow","max-snippet":"max-snippet:-1","max-image-preview":"max-image-preview:large","max-video-preview":"max-video-preview:-1"},"canonical":"https:\/\/www.frigofernelmont.be\/de\/dienstleistungen\/","og_locale":"de_DE","og_type":"article","og_title":"Dienstleistungen - Frigo Fernelmont","og_description":"K\u00dcHLEN M\u00f6hren Die Karotten f\u00fcr die Lagerung werden im Oktober und November geerntet. Die Kisten werden auf dem Feld bef\u00fcllt und kommen ohne weitere Bearbeitung direkt ins K\u00fchlhaus. Dank moderner Ausr\u00fcstung und eines gro\u00dfen Be- und Entladebereichs verl\u00e4uft die Einlagerung sehr reibungslos. Eine Lagerkapazit\u00e4t in der Spitzenzeit von 2.000 Kisten pro Tag ist f\u00fcr uns [&hellip;]","og_url":"https:\/\/www.frigofernelmont.be\/de\/dienstleistungen\/","og_site_name":"Frigo Fernelmont","article_modified_time":"2024-10-31T10:51:30+00:00","og_image":[{"url":"https:\/\/onlinereservation.frigofernelmont.be\/wp-content\/uploads\/2024\/03\/Icon-ion-snow-outline.svg"}],"twitter_card":"summary_large_image","twitter_misc":{"Gesch\u00e4tzte Lesezeit":"4\u00a0Minuten"},"schema":{"@context":"https:\/\/schema.org","@graph":[{"@type":"WebPage","@id":"https:\/\/www.frigofernelmont.be\/de\/dienstleistungen\/","url":"https:\/\/www.frigofernelmont.be\/de\/dienstleistungen\/","name":"Dienstleistungen - Frigo Fernelmont","isPartOf":{"@id":"https:\/\/www.frigofernelmont.be\/de\/#website"},"primaryImageOfPage":{"@id":"https:\/\/www.frigofernelmont.be\/de\/dienstleistungen\/#primaryimage"},"image":{"@id":"https:\/\/www.frigofernelmont.be\/de\/dienstleistungen\/#primaryimage"},"thumbnailUrl":"https:\/\/onlinereservation.frigofernelmont.be\/wp-content\/uploads\/2024\/03\/Icon-ion-snow-outline.svg","datePublished":"2024-03-15T10:23:16+00:00","dateModified":"2024-10-31T10:51:30+00:00","breadcrumb":{"@id":"https:\/\/www.frigofernelmont.be\/de\/dienstleistungen\/#breadcrumb"},"inLanguage":"de","potentialAction":[{"@type":"ReadAction","target":["https:\/\/www.frigofernelmont.be\/de\/dienstleistungen\/"]}]},{"@type":"ImageObject","inLanguage":"de","@id":"https:\/\/www.frigofernelmont.be\/de\/dienstleistungen\/#primaryimage","url":"https:\/\/onlinereservation.frigofernelmont.be\/wp-content\/uploads\/2024\/03\/Icon-ion-snow-outline.svg","contentUrl":"https:\/\/onlinereservation.frigofernelmont.be\/wp-content\/uploads\/2024\/03\/Icon-ion-snow-outline.svg"},{"@type":"BreadcrumbList","@id":"https:\/\/www.frigofernelmont.be\/de\/dienstleistungen\/#breadcrumb","itemListElement":[{"@type":"ListItem","position":1,"name":"Home","item":"https:\/\/www.frigofernelmont.be\/de\/"},{"@type":"ListItem","position":2,"name":"Dienstleistungen"}]},{"@type":"WebSite","@id":"https:\/\/www.frigofernelmont.be\/de\/#website","url":"https:\/\/www.frigofernelmont.be\/de\/","name":"Frigo Fernelmont","description":"","publisher":{"@id":"https:\/\/www.frigofernelmont.be\/de\/#organization"},"potentialAction":[{"@type":"SearchAction","target":{"@type":"EntryPoint","urlTemplate":"https:\/\/www.frigofernelmont.be\/de\/?s={search_term_string}"},"query-input":{"@type":"PropertyValueSpecification","valueRequired":true,"valueName":"search_term_string"}}],"inLanguage":"de"},{"@type":"Organization","@id":"https:\/\/www.frigofernelmont.be\/de\/#organization","name":"Frigo Fernelmont","url":"https:\/\/www.frigofernelmont.be\/de\/","logo":{"@type":"ImageObject","inLanguage":"de","@id":"https:\/\/www.frigofernelmont.be\/de\/#\/schema\/logo\/image\/","url":"https:\/\/www.frigofernelmont.be\/wp-content\/uploads\/2022\/07\/logo.png","contentUrl":"https:\/\/www.frigofernelmont.be\/wp-content\/uploads\/2022\/07\/logo.png","width":315,"height":100,"caption":"Frigo Fernelmont"},"image":{"@id":"https:\/\/www.frigofernelmont.be\/de\/#\/schema\/logo\/image\/"}}]}},"_links":{"self":[{"href":"https:\/\/www.frigofernelmont.be\/de\/wp-json\/wp\/v2\/pages\/1677"}],"collection":[{"href":"https:\/\/www.frigofernelmont.be\/de\/wp-json\/wp\/v2\/pages"}],"about":[{"href":"https:\/\/www.frigofernelmont.be\/de\/wp-json\/wp\/v2\/types\/page"}],"author":[{"embeddable":true,"href":"https:\/\/www.frigofernelmont.be\/de\/wp-json\/wp\/v2\/users\/1"}],"replies":[{"embeddable":true,"href":"https:\/\/www.frigofernelmont.be\/de\/wp-json\/wp\/v2\/comments?post=1677"}],"version-history":[{"count":12,"href":"https:\/\/www.frigofernelmont.be\/de\/wp-json\/wp\/v2\/pages\/1677\/revisions"}],"predecessor-version":[{"id":2652,"href":"https:\/\/www.frigofernelmont.be\/de\/wp-json\/wp\/v2\/pages\/1677\/revisions\/2652"}],"wp:attachment":[{"href":"https:\/\/www.frigofernelmont.be\/de\/wp-json\/wp\/v2\/media?parent=1677"}],"curies":[{"name":"wp","href":"https:\/\/api.w.org\/{rel}","templated":true}]}}