{"id":1700,"date":"2024-03-15T08:46:40","date_gmt":"2024-03-15T07:46:40","guid":{"rendered":"https:\/\/frigofernelmont.abako.be\/ueber-uns\/"},"modified":"2024-10-31T12:45:39","modified_gmt":"2024-10-31T11:45:39","slug":"ueber-uns","status":"publish","type":"page","link":"https:\/\/www.frigofernelmont.be\/de\/ueber-uns\/","title":{"rendered":"\u00dcber uns"},"content":{"rendered":"\t\t<div data-elementor-type=\"wp-page\" data-elementor-id=\"1700\" class=\"elementor elementor-1700 elementor-553\" data-elementor-post-type=\"page\">\n\t\t\t\t<div class=\"elementor-element elementor-element-2bb9a39 e-flex e-con-boxed e-con e-parent\" data-id=\"2bb9a39\" data-element_type=\"container\" data-settings=\"{&quot;background_background&quot;:&quot;classic&quot;,&quot;shape_divider_bottom&quot;:&quot;curve&quot;}\">\n\t\t\t\t\t<div class=\"e-con-inner\">\n\t\t\t\t<div class=\"elementor-shape elementor-shape-bottom\" data-negative=\"false\">\n\t\t\t<svg xmlns=\"http:\/\/www.w3.org\/2000\/svg\" viewBox=\"0 0 1000 100\" preserveAspectRatio=\"none\">\n    <path class=\"elementor-shape-fill\" d=\"M1000,4.3V0H0v4.3C0.9,23.1,126.7,99.2,500,100S1000,22.7,1000,4.3z\"\/>\n<\/svg>\t\t<\/div>\n\t\t\t\t\t<\/div>\n\t\t\t\t<\/div>\n\t\t<div class=\"elementor-element elementor-element-ab7a918 e-con-full e-flex e-con e-child\" data-id=\"ab7a918\" data-element_type=\"container\" data-settings=\"{&quot;background_background&quot;:&quot;classic&quot;}\">\n\t\t\t\t<div class=\"elementor-element elementor-element-fad1bed elementor-widget elementor-widget-heading\" data-id=\"fad1bed\" data-element_type=\"widget\" data-widget_type=\"heading.default\">\n\t\t\t\t<div class=\"elementor-widget-container\">\n\t\t\t<h2 class=\"elementor-heading-title elementor-size-default\">\u00dcBER UNS<\/h2>\t\t<\/div>\n\t\t\t\t<\/div>\n\t\t\t\t<\/div>\n\t\t<div class=\"elementor-element elementor-element-8beeb70 e-flex e-con-boxed e-con e-parent\" data-id=\"8beeb70\" data-element_type=\"container\" data-settings=\"{&quot;background_background&quot;:&quot;classic&quot;}\">\n\t\t\t\t\t<div class=\"e-con-inner\">\n\t\t<div class=\"elementor-element elementor-element-0b373e4 e-flex e-con-boxed e-con e-child\" data-id=\"0b373e4\" data-element_type=\"container\" data-settings=\"{&quot;background_background&quot;:&quot;classic&quot;}\">\n\t\t\t\t\t<div class=\"e-con-inner\">\n\t\t\t\t\t<\/div>\n\t\t\t\t<\/div>\n\t\t<div class=\"elementor-element elementor-element-944593e e-con-full e-flex e-con e-child\" data-id=\"944593e\" data-element_type=\"container\">\n\t\t\t\t<div class=\"elementor-element elementor-element-bd88f5f elementor-widget elementor-widget-text-editor\" data-id=\"bd88f5f\" data-element_type=\"widget\" data-widget_type=\"text-editor.default\">\n\t\t\t\t<div class=\"elementor-widget-container\">\n\t\t\t\t\t\t\t<p><span style=\"color: #1e769c; font-size: 24px; font-weight: bolder;\">GESCHICHTE: VON 29.000 AUF 50.000 KISTEN KONDITIONIERTE LAGERUNG<\/span><\/p>\n<p>Frigo Fernelmont wurde 1999 f\u00fcr die Lagerung von Winterm\u00f6hren, Zichorienm\u00f6hren und Tiefk\u00fchlprodukten gegr\u00fcndet. Es wurden 10 Zellen, eine Verladehalle und ein Maschinenraum gebaut. In den Zellen k\u00f6nnen sowohl gek\u00fchlte als auch tiefgek\u00fchlte Produkte gelagert werden. Das Volumen betr\u00e4gt 92.000 m\u00b3 oder 29.000 Kisten.   <\/p>\n\t\t\t\t\t\t<\/div>\n\t\t\t\t<\/div>\n\t\t\t\t<div class=\"elementor-element elementor-element-298a69d elementor-widget elementor-widget-text-editor\" data-id=\"298a69d\" data-element_type=\"widget\" data-widget_type=\"text-editor.default\">\n\t\t\t\t<div class=\"elementor-widget-container\">\n\t\t\t\t\t\t\t<p>Im Jahr 2000 wurde die Verladehalle zus\u00e4tzlich mit Verdampfern ausgestattet, so dass hier auch M\u00f6hren gelagert werden k\u00f6nnen, was das Volumen auf 120.000 m\u00b3 bzw. 36.000 Kisten erh\u00f6ht.<\/p>\n\t\t\t\t\t\t<\/div>\n\t\t\t\t<\/div>\n\t\t\t\t<div class=\"elementor-element elementor-element-70fb7f1 elementor-widget elementor-widget-text-editor\" data-id=\"70fb7f1\" data-element_type=\"widget\" data-widget_type=\"text-editor.default\">\n\t\t\t\t<div class=\"elementor-widget-container\">\n\t\t\t\t\t\t\t<p>Im Jahr 2005 wurde eine 3.000 m\u00b2 gro\u00dfe Halle f\u00fcr die Stapelung der leeren Kisten und die Massenverladung von M\u00f6hren gebaut. In dieser Halle werden die Kisten 12-fach gestapelt. <\/p>\n\t\t\t\t\t\t<\/div>\n\t\t\t\t<\/div>\n\t\t\t\t<\/div>\n\t\t\t\t\t<\/div>\n\t\t\t\t<\/div>\n\t\t<div class=\"elementor-element elementor-element-e85bb7d e-flex e-con-boxed e-con e-parent\" data-id=\"e85bb7d\" data-element_type=\"container\">\n\t\t\t\t\t<div class=\"e-con-inner\">\n\t\t<div class=\"elementor-element elementor-element-3dd14ff e-con-full koelen-container e-flex e-con e-child\" data-id=\"3dd14ff\" data-element_type=\"container\">\n\t\t<div class=\"elementor-element elementor-element-cdf0b57 e-con-full e-flex e-con e-child\" data-id=\"cdf0b57\" data-element_type=\"container\" data-settings=\"{&quot;background_background&quot;:&quot;classic&quot;}\">\n\t\t\t\t<\/div>\n\t\t\t\t<div class=\"elementor-element elementor-element-c1892e2 elementor-widget elementor-widget-heading\" data-id=\"c1892e2\" data-element_type=\"widget\" data-widget_type=\"heading.default\">\n\t\t\t\t<div class=\"elementor-widget-container\">\n\t\t\t<h2 class=\"elementor-heading-title elementor-size-default\">DIE NACHFRAGE STEIGT<\/h2>\t\t<\/div>\n\t\t\t\t<\/div>\n\t\t\t\t<div class=\"elementor-element elementor-element-d8dfdc9 elementor-widget elementor-widget-text-editor\" data-id=\"d8dfdc9\" data-element_type=\"widget\" data-widget_type=\"text-editor.default\">\n\t\t\t\t<div class=\"elementor-widget-container\">\n\t\t\t\t\t\t\t<p>Jedes Jahr steigt die Nachfrage nach der Lagerung von M\u00f6hren und der Sortierung von Zichorienm\u00f6hren. Um diese Nachfrage zu befriedigen, werden 2010 ein K\u00fchlhaus mit 11.500 m\u00b3 oder 3.300 Kisten und eine Halle f\u00fcr die Annahme und Sortierung von Chicor\u00e9e-M\u00f6hren hinzugef\u00fcgt. Hier werden die Lieferstr\u00f6me von M\u00f6hren und Zichorienwurzeln gut getrennt, so dass die Arbeit effizienter organisiert werden kann.  <\/p>\n\t\t\t\t\t\t<\/div>\n\t\t\t\t<\/div>\n\t\t\t\t<\/div>\n\t\t<div class=\"elementor-element elementor-element-c6038f1 e-con-full koelen-container e-flex e-con e-child\" data-id=\"c6038f1\" data-element_type=\"container\">\n\t\t<div class=\"elementor-element elementor-element-f3e9dab e-con-full e-flex e-con e-child\" data-id=\"f3e9dab\" data-element_type=\"container\" data-settings=\"{&quot;background_background&quot;:&quot;classic&quot;}\">\n\t\t\t\t<\/div>\n\t\t\t\t<div class=\"elementor-element elementor-element-9dfb31d elementor-widget elementor-widget-heading\" data-id=\"9dfb31d\" data-element_type=\"widget\" data-widget_type=\"heading.default\">\n\t\t\t\t<div class=\"elementor-widget-container\">\n\t\t\t<h2 class=\"elementor-heading-title elementor-size-default\">DER ANBAU NIMMT ZU<\/h2>\t\t<\/div>\n\t\t\t\t<\/div>\n\t\t\t\t<div class=\"elementor-element elementor-element-31d86d0 elementor-widget elementor-widget-text-editor\" data-id=\"31d86d0\" data-element_type=\"widget\" data-widget_type=\"text-editor.default\">\n\t\t\t\t<div class=\"elementor-widget-container\">\n\t\t\t\t\t\t\t<p>Der Anbau von belgischen M\u00f6hren nimmt zu, und eine weitere Erweiterung des Lagers steht bevor. Im Jahr 2016 wurde das angrenzende Grundst\u00fcck erworben, auf dem ein neues K\u00fchlhaus mit zugeh\u00f6rigem Maschinenraum gebaut wurde. Dieser Teil des K\u00fchlhauses ist ausschlie\u00dflich f\u00fcr die Lagerung von M\u00f6hren bestimmt und hat eine Kapazit\u00e4t von 45.000 m\u00b3 oder 11.500 Kisten. Damit erh\u00f6ht sich die Gesamtkapazit\u00e4t auf 50.000 Kisten, von denen 44.000 tats\u00e4chlich belegt sind. Der verbleibende Raum ist f\u00fcr die Tiefk\u00fchlung bei -18\u00b0C reserviert.    <\/p>\n\t\t\t\t\t\t<\/div>\n\t\t\t\t<\/div>\n\t\t\t\t<\/div>\n\t\t<div class=\"elementor-element elementor-element-9a60ebd e-con-full koelen-container e-flex e-con e-child\" data-id=\"9a60ebd\" data-element_type=\"container\">\n\t\t<div class=\"elementor-element elementor-element-e1f7a79 e-con-full e-flex e-con e-child\" data-id=\"e1f7a79\" data-element_type=\"container\" data-settings=\"{&quot;background_background&quot;:&quot;classic&quot;}\">\n\t\t\t\t<\/div>\n\t\t\t\t<div class=\"elementor-element elementor-element-276998e elementor-widget elementor-widget-heading\" data-id=\"276998e\" data-element_type=\"widget\" data-widget_type=\"heading.default\">\n\t\t\t\t<div class=\"elementor-widget-container\">\n\t\t\t<h2 class=\"elementor-heading-title elementor-size-default\">EXTRA K\u00dcHLHAUSERN<\/h2>\t\t<\/div>\n\t\t\t\t<\/div>\n\t\t\t\t<div class=\"elementor-element elementor-element-d44a6d6 elementor-widget elementor-widget-text-editor\" data-id=\"d44a6d6\" data-element_type=\"widget\" data-widget_type=\"text-editor.default\">\n\t\t\t\t<div class=\"elementor-widget-container\">\n\t\t\t\t\t\t\t<p>Aufgrund der steigenden Nachfrage nach Lagerraum f\u00fcr Zwiebeln und Pflanzkartoffeln wird 2021 eine Reihe von K\u00fchlh\u00e4usern mit Kondensationstrocknung hinzukommen. Die Lagerzellen sind mit einem Gitterboden ausgestattet, der Luft von unten durch die Kistenstapel bl\u00e4st, um das Produkt so schnell wie m\u00f6glich trocken zu bekommen. <\/p>\n\t\t\t\t\t\t<\/div>\n\t\t\t\t<\/div>\n\t\t\t\t<\/div>\n\t\t\t\t\t<\/div>\n\t\t\t\t<\/div>\n\t\t<div class=\"elementor-element elementor-element-b7ccab4 e-flex e-con-boxed e-con e-parent\" data-id=\"b7ccab4\" data-element_type=\"container\" data-settings=\"{&quot;background_background&quot;:&quot;classic&quot;}\">\n\t\t\t\t\t<div class=\"e-con-inner\">\n\t\t<div class=\"elementor-element elementor-element-dde850e e-con-full e-flex e-con e-child\" data-id=\"dde850e\" data-element_type=\"container\">\n\t\t\t\t<div class=\"elementor-element elementor-element-7644715 elementor-widget-mobile__width-inherit elementor-widget elementor-widget-text-editor\" data-id=\"7644715\" data-element_type=\"widget\" data-widget_type=\"text-editor.default\">\n\t\t\t\t<div class=\"elementor-widget-container\">\n\t\t\t\t\t\t\t<p><span style=\"color: #1e769c; font-size: 24px; font-weight: bolder;\">BIO-ZERTIFIKAT<\/span><\/p>\n<p>Frigo Fernelmont erf\u00fcllt die Normen und Anforderungen f\u00fcr die Lagerung und Handhabung von Bio-Lebensmitteln. Unser Bio-Zertifikat kann auf Anfrage angefordert werden. <\/p>\n\t\t\t\t\t\t<\/div>\n\t\t\t\t<\/div>\n\t\t\t\t<\/div>\n\t\t<div class=\"elementor-element elementor-element-99da6e4 e-con-full e-flex e-con e-child\" data-id=\"99da6e4\" data-element_type=\"container\">\n\t\t\t\t<div class=\"elementor-element elementor-element-b485c40 elementor-widget-mobile__width-inherit elementor-widget elementor-widget-text-editor\" data-id=\"b485c40\" data-element_type=\"widget\" data-widget_type=\"text-editor.default\">\n\t\t\t\t<div class=\"elementor-widget-container\">\n\t\t\t\t\t\t\t<p><span style=\"color: #1e769c; font-size: 24px; font-weight: bolder;\">ENERGIEWENDE<\/span><\/p>\n<p>Frigo Fernelmont verf\u00fcgt \u00fcber eine eigene Solaranlage mit 2.938 kWp, um einen m\u00f6glichst gro\u00dfen Teil der ben\u00f6tigten Energie selbst zu erzeugen.<\/p>\n\t\t\t\t\t\t<\/div>\n\t\t\t\t<\/div>\n\t\t\t\t<\/div>\n\t\t\t\t\t<\/div>\n\t\t\t\t<\/div>\n\t\t\t\t<\/div>\n\t\t","protected":false},"excerpt":{"rendered":"<p>\u00dcBER UNS GESCHICHTE: VON 29.000 AUF 50.000 KISTEN KONDITIONIERTE LAGERUNG Frigo Fernelmont wurde 1999 f\u00fcr die Lagerung von Winterm\u00f6hren, Zichorienm\u00f6hren und Tiefk\u00fchlprodukten gegr\u00fcndet. Es wurden 10 Zellen, eine Verladehalle und ein Maschinenraum gebaut. In den Zellen k\u00f6nnen sowohl gek\u00fchlte als auch tiefgek\u00fchlte Produkte gelagert werden. Das Volumen betr\u00e4gt 92.000 m\u00b3 oder 29.000 Kisten. Im Jahr [&hellip;]<\/p>\n","protected":false},"author":1,"featured_media":0,"parent":0,"menu_order":0,"comment_status":"closed","ping_status":"closed","template":"","meta":{"footnotes":""},"class_list":["post-1700","page","type-page","status-publish","hentry"],"yoast_head":"<!-- This site is optimized with the Yoast SEO plugin v23.7 - https:\/\/yoast.com\/wordpress\/plugins\/seo\/ -->\n<title>\u00dcber uns - Frigo Fernelmont<\/title>\n<meta name=\"robots\" content=\"index, follow, max-snippet:-1, max-image-preview:large, max-video-preview:-1\" \/>\n<link rel=\"canonical\" href=\"https:\/\/www.frigofernelmont.be\/de\/ueber-uns\/\" \/>\n<meta property=\"og:locale\" content=\"de_DE\" \/>\n<meta property=\"og:type\" content=\"article\" \/>\n<meta property=\"og:title\" content=\"\u00dcber uns - Frigo Fernelmont\" \/>\n<meta property=\"og:description\" content=\"\u00dcBER UNS GESCHICHTE: VON 29.000 AUF 50.000 KISTEN KONDITIONIERTE LAGERUNG Frigo Fernelmont wurde 1999 f\u00fcr die Lagerung von Winterm\u00f6hren, Zichorienm\u00f6hren und Tiefk\u00fchlprodukten gegr\u00fcndet. Es wurden 10 Zellen, eine Verladehalle und ein Maschinenraum gebaut. In den Zellen k\u00f6nnen sowohl gek\u00fchlte als auch tiefgek\u00fchlte Produkte gelagert werden. Das Volumen betr\u00e4gt 92.000 m\u00b3 oder 29.000 Kisten. Im Jahr [&hellip;]\" \/>\n<meta property=\"og:url\" content=\"https:\/\/www.frigofernelmont.be\/de\/ueber-uns\/\" \/>\n<meta property=\"og:site_name\" content=\"Frigo Fernelmont\" \/>\n<meta property=\"article:modified_time\" content=\"2024-10-31T11:45:39+00:00\" \/>\n<meta name=\"twitter:card\" content=\"summary_large_image\" \/>\n<meta name=\"twitter:label1\" content=\"Gesch\u00e4tzte Lesezeit\" \/>\n\t<meta name=\"twitter:data1\" content=\"2\u00a0Minuten\" \/>\n<script type=\"application\/ld+json\" class=\"yoast-schema-graph\">{\"@context\":\"https:\/\/schema.org\",\"@graph\":[{\"@type\":\"WebPage\",\"@id\":\"https:\/\/www.frigofernelmont.be\/de\/ueber-uns\/\",\"url\":\"https:\/\/www.frigofernelmont.be\/de\/ueber-uns\/\",\"name\":\"\u00dcber uns - Frigo Fernelmont\",\"isPartOf\":{\"@id\":\"https:\/\/www.frigofernelmont.be\/de\/#website\"},\"datePublished\":\"2024-03-15T07:46:40+00:00\",\"dateModified\":\"2024-10-31T11:45:39+00:00\",\"breadcrumb\":{\"@id\":\"https:\/\/www.frigofernelmont.be\/de\/ueber-uns\/#breadcrumb\"},\"inLanguage\":\"de\",\"potentialAction\":[{\"@type\":\"ReadAction\",\"target\":[\"https:\/\/www.frigofernelmont.be\/de\/ueber-uns\/\"]}]},{\"@type\":\"BreadcrumbList\",\"@id\":\"https:\/\/www.frigofernelmont.be\/de\/ueber-uns\/#breadcrumb\",\"itemListElement\":[{\"@type\":\"ListItem\",\"position\":1,\"name\":\"Home\",\"item\":\"https:\/\/www.frigofernelmont.be\/de\/\"},{\"@type\":\"ListItem\",\"position\":2,\"name\":\"\u00dcber uns\"}]},{\"@type\":\"WebSite\",\"@id\":\"https:\/\/www.frigofernelmont.be\/de\/#website\",\"url\":\"https:\/\/www.frigofernelmont.be\/de\/\",\"name\":\"Frigo Fernelmont\",\"description\":\"\",\"publisher\":{\"@id\":\"https:\/\/www.frigofernelmont.be\/de\/#organization\"},\"potentialAction\":[{\"@type\":\"SearchAction\",\"target\":{\"@type\":\"EntryPoint\",\"urlTemplate\":\"https:\/\/www.frigofernelmont.be\/de\/?s={search_term_string}\"},\"query-input\":{\"@type\":\"PropertyValueSpecification\",\"valueRequired\":true,\"valueName\":\"search_term_string\"}}],\"inLanguage\":\"de\"},{\"@type\":\"Organization\",\"@id\":\"https:\/\/www.frigofernelmont.be\/de\/#organization\",\"name\":\"Frigo Fernelmont\",\"url\":\"https:\/\/www.frigofernelmont.be\/de\/\",\"logo\":{\"@type\":\"ImageObject\",\"inLanguage\":\"de\",\"@id\":\"https:\/\/www.frigofernelmont.be\/de\/#\/schema\/logo\/image\/\",\"url\":\"https:\/\/www.frigofernelmont.be\/wp-content\/uploads\/2022\/07\/logo.png\",\"contentUrl\":\"https:\/\/www.frigofernelmont.be\/wp-content\/uploads\/2022\/07\/logo.png\",\"width\":315,\"height\":100,\"caption\":\"Frigo Fernelmont\"},\"image\":{\"@id\":\"https:\/\/www.frigofernelmont.be\/de\/#\/schema\/logo\/image\/\"}}]}<\/script>\n<!-- \/ Yoast SEO plugin. -->","yoast_head_json":{"title":"\u00dcber uns - Frigo Fernelmont","robots":{"index":"index","follow":"follow","max-snippet":"max-snippet:-1","max-image-preview":"max-image-preview:large","max-video-preview":"max-video-preview:-1"},"canonical":"https:\/\/www.frigofernelmont.be\/de\/ueber-uns\/","og_locale":"de_DE","og_type":"article","og_title":"\u00dcber uns - Frigo Fernelmont","og_description":"\u00dcBER UNS GESCHICHTE: VON 29.000 AUF 50.000 KISTEN KONDITIONIERTE LAGERUNG Frigo Fernelmont wurde 1999 f\u00fcr die Lagerung von Winterm\u00f6hren, Zichorienm\u00f6hren und Tiefk\u00fchlprodukten gegr\u00fcndet. Es wurden 10 Zellen, eine Verladehalle und ein Maschinenraum gebaut. In den Zellen k\u00f6nnen sowohl gek\u00fchlte als auch tiefgek\u00fchlte Produkte gelagert werden. Das Volumen betr\u00e4gt 92.000 m\u00b3 oder 29.000 Kisten. Im Jahr [&hellip;]","og_url":"https:\/\/www.frigofernelmont.be\/de\/ueber-uns\/","og_site_name":"Frigo Fernelmont","article_modified_time":"2024-10-31T11:45:39+00:00","twitter_card":"summary_large_image","twitter_misc":{"Gesch\u00e4tzte Lesezeit":"2\u00a0Minuten"},"schema":{"@context":"https:\/\/schema.org","@graph":[{"@type":"WebPage","@id":"https:\/\/www.frigofernelmont.be\/de\/ueber-uns\/","url":"https:\/\/www.frigofernelmont.be\/de\/ueber-uns\/","name":"\u00dcber uns - Frigo Fernelmont","isPartOf":{"@id":"https:\/\/www.frigofernelmont.be\/de\/#website"},"datePublished":"2024-03-15T07:46:40+00:00","dateModified":"2024-10-31T11:45:39+00:00","breadcrumb":{"@id":"https:\/\/www.frigofernelmont.be\/de\/ueber-uns\/#breadcrumb"},"inLanguage":"de","potentialAction":[{"@type":"ReadAction","target":["https:\/\/www.frigofernelmont.be\/de\/ueber-uns\/"]}]},{"@type":"BreadcrumbList","@id":"https:\/\/www.frigofernelmont.be\/de\/ueber-uns\/#breadcrumb","itemListElement":[{"@type":"ListItem","position":1,"name":"Home","item":"https:\/\/www.frigofernelmont.be\/de\/"},{"@type":"ListItem","position":2,"name":"\u00dcber uns"}]},{"@type":"WebSite","@id":"https:\/\/www.frigofernelmont.be\/de\/#website","url":"https:\/\/www.frigofernelmont.be\/de\/","name":"Frigo Fernelmont","description":"","publisher":{"@id":"https:\/\/www.frigofernelmont.be\/de\/#organization"},"potentialAction":[{"@type":"SearchAction","target":{"@type":"EntryPoint","urlTemplate":"https:\/\/www.frigofernelmont.be\/de\/?s={search_term_string}"},"query-input":{"@type":"PropertyValueSpecification","valueRequired":true,"valueName":"search_term_string"}}],"inLanguage":"de"},{"@type":"Organization","@id":"https:\/\/www.frigofernelmont.be\/de\/#organization","name":"Frigo Fernelmont","url":"https:\/\/www.frigofernelmont.be\/de\/","logo":{"@type":"ImageObject","inLanguage":"de","@id":"https:\/\/www.frigofernelmont.be\/de\/#\/schema\/logo\/image\/","url":"https:\/\/www.frigofernelmont.be\/wp-content\/uploads\/2022\/07\/logo.png","contentUrl":"https:\/\/www.frigofernelmont.be\/wp-content\/uploads\/2022\/07\/logo.png","width":315,"height":100,"caption":"Frigo Fernelmont"},"image":{"@id":"https:\/\/www.frigofernelmont.be\/de\/#\/schema\/logo\/image\/"}}]}},"_links":{"self":[{"href":"https:\/\/www.frigofernelmont.be\/de\/wp-json\/wp\/v2\/pages\/1700"}],"collection":[{"href":"https:\/\/www.frigofernelmont.be\/de\/wp-json\/wp\/v2\/pages"}],"about":[{"href":"https:\/\/www.frigofernelmont.be\/de\/wp-json\/wp\/v2\/types\/page"}],"author":[{"embeddable":true,"href":"https:\/\/www.frigofernelmont.be\/de\/wp-json\/wp\/v2\/users\/1"}],"replies":[{"embeddable":true,"href":"https:\/\/www.frigofernelmont.be\/de\/wp-json\/wp\/v2\/comments?post=1700"}],"version-history":[{"count":7,"href":"https:\/\/www.frigofernelmont.be\/de\/wp-json\/wp\/v2\/pages\/1700\/revisions"}],"predecessor-version":[{"id":2664,"href":"https:\/\/www.frigofernelmont.be\/de\/wp-json\/wp\/v2\/pages\/1700\/revisions\/2664"}],"wp:attachment":[{"href":"https:\/\/www.frigofernelmont.be\/de\/wp-json\/wp\/v2\/media?parent=1700"}],"curies":[{"name":"wp","href":"https:\/\/api.w.org\/{rel}","templated":true}]}}