{"id":1669,"date":"2024-03-15T11:23:16","date_gmt":"2024-03-15T10:23:16","guid":{"rendered":"https:\/\/frigofernelmont.abako.be\/procedure\/"},"modified":"2024-10-31T11:49:05","modified_gmt":"2024-10-31T10:49:05","slug":"services","status":"publish","type":"page","link":"https:\/\/www.frigofernelmont.be\/fr\/services\/","title":{"rendered":"Services"},"content":{"rendered":"\t\t<div data-elementor-type=\"wp-page\" data-elementor-id=\"1669\" class=\"elementor elementor-1669 elementor-620\" data-elementor-post-type=\"page\">\n\t\t\t\t<div class=\"elementor-element elementor-element-10331c7 e-flex e-con-boxed e-con e-parent\" data-id=\"10331c7\" data-element_type=\"container\" data-settings=\"{&quot;background_background&quot;:&quot;classic&quot;,&quot;shape_divider_bottom&quot;:&quot;curve&quot;}\">\n\t\t\t\t\t<div class=\"e-con-inner\">\n\t\t\t\t<div class=\"elementor-shape elementor-shape-bottom\" data-negative=\"false\">\n\t\t\t<svg xmlns=\"http:\/\/www.w3.org\/2000\/svg\" viewBox=\"0 0 1000 100\" preserveAspectRatio=\"none\">\n    <path class=\"elementor-shape-fill\" d=\"M1000,4.3V0H0v4.3C0.9,23.1,126.7,99.2,500,100S1000,22.7,1000,4.3z\"\/>\n<\/svg>\t\t<\/div>\n\t\t\t\t\t<\/div>\n\t\t\t\t<\/div>\n\t\t<div class=\"elementor-element elementor-element-aa20264 e-flex e-con-boxed e-con e-parent\" data-id=\"aa20264\" data-element_type=\"container\" data-settings=\"{&quot;background_background&quot;:&quot;classic&quot;}\">\n\t\t\t\t\t<div class=\"e-con-inner\">\n\t\t<div class=\"elementor-element elementor-element-d7630f5 e-con-full e-flex e-con e-child\" data-id=\"d7630f5\" data-element_type=\"container\">\n\t\t\t\t<div class=\"elementor-element elementor-element-2fd1130 elementor-widget elementor-widget-heading\" data-id=\"2fd1130\" data-element_type=\"widget\" data-widget_type=\"heading.default\">\n\t\t\t\t<div class=\"elementor-widget-container\">\n\t\t\t<h2 class=\"elementor-heading-title elementor-size-default\">REFROIDISSEMENT<\/h2>\t\t<\/div>\n\t\t\t\t<\/div>\n\t\t\t\t<\/div>\n\t\t<div class=\"elementor-element elementor-element-6ce0777 e-con-full e-flex e-con e-child\" data-id=\"6ce0777\" data-element_type=\"container\">\n\t\t<div class=\"elementor-element elementor-element-7a01e24 e-con-full e-flex e-con e-child\" data-id=\"7a01e24\" data-element_type=\"container\" data-settings=\"{&quot;background_background&quot;:&quot;classic&quot;}\">\n\t\t\t\t<\/div>\n\t\t<div class=\"elementor-element elementor-element-f73a020 e-con-full e-flex e-con e-child\" data-id=\"f73a020\" data-element_type=\"container\">\n\t\t\t\t<div class=\"elementor-element elementor-element-fcc5b6e elementor-widget elementor-widget-text-editor\" data-id=\"fcc5b6e\" data-element_type=\"widget\" data-widget_type=\"text-editor.default\">\n\t\t\t\t<div class=\"elementor-widget-container\">\n\t\t\t\t\t\t\t<p><span style=\"color: #1e769c; font-size: 24px; font-weight: bolder;\">Carottes<\/span><\/p>\n<p>Les carottes destin\u00e9es au stockage sont r\u00e9colt\u00e9es en octobre-novembre. Les caisses sont remplies dans le champ et arrivent directement \u00e0 l&rsquo;entrep\u00f4t frigorifique sans aucune manipulation suppl\u00e9mentaire. Gr\u00e2ce \u00e0 un \u00e9quipement moderne et \u00e0 une vaste zone de chargement et de d\u00e9chargement, le stockage se d\u00e9roule sans probl\u00e8me. Une capacit\u00e9 de stockage de 2.000 caisses par jour en p\u00e9riode de pointe ne nous pose aucun probl\u00e8me.   <\/p>\n<p>Une fois refroidies \u00e0 1\u00b0C, les carottes peuvent \u00eatre stock\u00e9es jusqu&rsquo;en juin. Gr\u00e2ce \u00e0 un contr\u00f4le permanent de la temp\u00e9rature et du produit, \u00e0 un syst\u00e8me d&rsquo;a\u00e9ration et \u00e0 un climat cellulaire humide, nous pouvons garantir la conservation de carottes de la meilleure qualit\u00e9. <\/p>\n\t\t\t\t\t\t<\/div>\n\t\t\t\t<\/div>\n\t\t\t\t<div class=\"elementor-element elementor-element-d0cd9f1 elementor-widget elementor-widget-text-editor\" data-id=\"d0cd9f1\" data-element_type=\"widget\" data-widget_type=\"text-editor.default\">\n\t\t\t\t<div class=\"elementor-widget-container\">\n\t\t\t\t\t\t\t<p><span style=\"color: #1e769c; font-size: 24px; font-weight: bolder;\">Racines de chicons<\/span><\/p>\n<p>Frigo Fernelmont se concentre principalement sur le stockage de longue dur\u00e9e des racines de chicons. Gr\u00e2ce \u00e0 notre installation moderne, nous pouvons offrir un meilleur stockage. Demandez nos r\u00e9f\u00e9rences!  <\/p>\n<p>Les racines de chicons peuvent \u00eatre apport\u00e9es d&rsquo;octobre \u00e0 d\u00e9cembre. D&rsquo;une part dans des caisses qui vont directement dans l&rsquo;entrep\u00f4t frigorifique, d&rsquo;autre part en vrac pour le triage. Nous offrons un stockage tout au long de l&rsquo;ann\u00e9e sans perte de qualit\u00e9 des racines. Une temp\u00e9rature constante dans la caisse apr\u00e8s r\u00e9frig\u00e9ration, un contr\u00f4le permanent de la temp\u00e9rature et du produit ainsi qu&rsquo;un syst\u00e8me d&rsquo;humidification sp\u00e9cialis\u00e9 permettent un stockage jusqu&rsquo;en septembre.   <\/p>\n\t\t\t\t\t\t<\/div>\n\t\t\t\t<\/div>\n\t\t\t\t<\/div>\n\t\t\t\t<\/div>\n\t\t\t\t\t<\/div>\n\t\t\t\t<\/div>\n\t\t<div class=\"elementor-element elementor-element-d679700 e-flex e-con-boxed e-con e-parent\" data-id=\"d679700\" data-element_type=\"container\" data-settings=\"{&quot;background_background&quot;:&quot;classic&quot;}\">\n\t\t\t\t\t<div class=\"e-con-inner\">\n\t\t<div class=\"elementor-element elementor-element-90c8911 e-con-full e-flex e-con e-child\" data-id=\"90c8911\" data-element_type=\"container\">\n\t\t\t\t<div class=\"elementor-element elementor-element-96b351a elementor-widget elementor-widget-heading\" data-id=\"96b351a\" data-element_type=\"widget\" data-widget_type=\"heading.default\">\n\t\t\t\t<div class=\"elementor-widget-container\">\n\t\t\t<h2 class=\"elementor-heading-title elementor-size-default\">S\u00c9CHAGE ET REFROIDISSEMENT<\/h2>\t\t<\/div>\n\t\t\t\t<\/div>\n\t\t\t\t<\/div>\n\t\t<div class=\"elementor-element elementor-element-bdf6997 e-con-full e-flex e-con e-child\" data-id=\"bdf6997\" data-element_type=\"container\">\n\t\t<div class=\"elementor-element elementor-element-b46f9f8 e-con-full e-flex e-con e-child\" data-id=\"b46f9f8\" data-element_type=\"container\">\n\t\t\t\t<div class=\"elementor-element elementor-element-14e7a43 elementor-widget-mobile__width-inherit elementor-widget elementor-widget-text-editor\" data-id=\"14e7a43\" data-element_type=\"widget\" data-widget_type=\"text-editor.default\">\n\t\t\t\t<div class=\"elementor-widget-container\">\n\t\t\t\t\t\t\t<p><span style=\"color: #1e769c; font-size: 24px; font-weight: bolder;\">Plants pommes de terre<\/span><\/p>\n<p>Imm\u00e9diatement apr\u00e8s la r\u00e9colte, les plants pommes de terre peuvent nous \u00eatre livr\u00e9es en vrac ou en caisses pour \u00eatre s\u00e9ch\u00e9es et stock\u00e9es dans les cellules avec s\u00e9chage par condensation. Ici, les caisses sont plac\u00e9es sur un sol en caillebotis afin de garantir une ventilation puissante et uniforme du produit. D&rsquo;autre part, nous recevons d\u00e9j\u00e0 des produits tri\u00e9s \u00e0 partir du mois de novembre, \u00e9galement en vrac ou en caisses. La temp\u00e9rature de stockage est maintenue \u00e0 4\u00b0C.   <\/p>\n<p>Si vous \u00eates int\u00e9ress\u00e9 par le stockage de pommes de terre de consommation, n&rsquo;h\u00e9sitez pas \u00e0 nous contacter. Nous nous ferons un plaisir de discuter avec vous de ce que nous pouvons faire pour vous. <\/p>\n\t\t\t\t\t\t<\/div>\n\t\t\t\t<\/div>\n\t\t\t\t<div class=\"elementor-element elementor-element-3345da9 elementor-widget-mobile__width-inherit elementor-widget elementor-widget-text-editor\" data-id=\"3345da9\" data-element_type=\"widget\" data-widget_type=\"text-editor.default\">\n\t\t\t\t<div class=\"elementor-widget-container\">\n\t\t\t\t\t\t\t<p><span style=\"color: #1e769c; font-size: 24px; font-weight: bolder;\">Oignons<\/span><\/p>\n<p>Comme pour les plants pommes de terre, nous recevons \u00e0 partir du mois d&rsquo;ao\u00fbt des oignons provenant de la terre, que nous transformons par nos d\u00e9terreurs en caisses et que nous pla\u00e7ons dans un s\u00e9choir \u00e0 condensation. Ces caisses sont \u00e9galement plac\u00e9es sur un sol en caillebotis afin de faire passer le plus d&rsquo;air possible \u00e0 travers le produit pour que les oignons soient secs. Avec le s\u00e9chage par condensation, l&rsquo;air qui passe par l&rsquo;\u00e9vaporateur est d\u00e9shumidifi\u00e9 et il n&rsquo;est donc pas n\u00e9cessaire d&rsquo;utiliser des canons de chaleur.  <\/p>\n<p>Pour chaque produit, nous recherchons les meilleures conditions de stockage pour la satisfaction de tous.<\/p>\n\t\t\t\t\t\t<\/div>\n\t\t\t\t<\/div>\n\t\t\t\t<\/div>\n\t\t<div class=\"elementor-element elementor-element-cb7c51c e-con-full e-flex e-con e-child\" data-id=\"cb7c51c\" data-element_type=\"container\" data-settings=\"{&quot;background_background&quot;:&quot;classic&quot;}\">\n\t\t\t\t<\/div>\n\t\t\t\t<\/div>\n\t\t\t\t\t<\/div>\n\t\t\t\t<\/div>\n\t\t<div class=\"elementor-element elementor-element-c84ca6a e-flex e-con-boxed e-con e-parent\" data-id=\"c84ca6a\" data-element_type=\"container\" data-settings=\"{&quot;background_background&quot;:&quot;classic&quot;}\">\n\t\t\t\t\t<div class=\"e-con-inner\">\n\t\t<div class=\"elementor-element elementor-element-6ce52eb e-con-full e-flex e-con e-child\" data-id=\"6ce52eb\" data-element_type=\"container\">\n\t\t\t\t<div class=\"elementor-element elementor-element-db89b2f elementor-widget elementor-widget-heading\" data-id=\"db89b2f\" data-element_type=\"widget\" data-widget_type=\"heading.default\">\n\t\t\t\t<div class=\"elementor-widget-container\">\n\t\t\t<h2 class=\"elementor-heading-title elementor-size-default\">CONG\u00c9LATION<\/h2>\t\t<\/div>\n\t\t\t\t<\/div>\n\t\t\t\t<\/div>\n\t\t<div class=\"elementor-element elementor-element-3760b30 e-con-full e-flex e-con e-child\" data-id=\"3760b30\" data-element_type=\"container\">\n\t\t<div class=\"elementor-element elementor-element-ca3ddc4 e-con-full e-flex e-con e-child\" data-id=\"ca3ddc4\" data-element_type=\"container\" data-settings=\"{&quot;background_background&quot;:&quot;classic&quot;}\">\n\t\t\t\t<\/div>\n\t\t<div class=\"elementor-element elementor-element-601c813 e-con-full e-flex e-con e-child\" data-id=\"601c813\" data-element_type=\"container\">\n\t\t\t\t<div class=\"elementor-element elementor-element-e3a37c9 elementor-widget elementor-widget-text-editor\" data-id=\"e3a37c9\" data-element_type=\"widget\" data-widget_type=\"text-editor.default\">\n\t\t\t\t<div class=\"elementor-widget-container\">\n\t\t\t\t\t\t\t<p>Frigo Fernelmont dispose de 180.000 m\u00b3 d&rsquo;entrep\u00f4ts frigorifiques, dont 75.000 m\u00b3 peuvent \u00eatre convertis en cong\u00e9lation. Cela permet de r\u00e9pondre rapidement \u00e0 la demande des clients. Lorsqu&rsquo;il y a un surplus d&rsquo;espace de r\u00e9frig\u00e9ration et qu&rsquo;il y a un besoin d&rsquo;espace de cong\u00e9lation, nous tournons le robinet et abaissons la temp\u00e9rature de -18\u00b0C \u00e0 -28\u00b0C, en fonction des besoins du client.  <\/p>\n\t\t\t\t\t\t<\/div>\n\t\t\t\t<\/div>\n\t\t\t\t<div class=\"elementor-element elementor-element-683efd7 elementor-widget elementor-widget-text-editor\" data-id=\"683efd7\" data-element_type=\"widget\" data-widget_type=\"text-editor.default\">\n\t\t\t\t<div class=\"elementor-widget-container\">\n\t\t\t\t\t\t\t<p>En ce qui concerne le stockage, il est possible de stocker en vrac des palettes, des tonneaux ou des caisses, d&rsquo;une part, et d&rsquo;utiliser un syst\u00e8me de rayonnage moderne pour les marchandises non empilables, d&rsquo;autre part.<\/p>\n\t\t\t\t\t\t<\/div>\n\t\t\t\t<\/div>\n\t\t\t\t<div class=\"elementor-element elementor-element-8ac626b elementor-widget elementor-widget-text-editor\" data-id=\"8ac626b\" data-element_type=\"widget\" data-widget_type=\"text-editor.default\">\n\t\t\t\t<div class=\"elementor-widget-container\">\n\t\t\t\t\t\t\t<p>Toutes les manipulations de marchandises sont effectu\u00e9es \u00e0 l&rsquo;aide de chariots \u00e9l\u00e9vateurs \u00e9lectriques. Pour le chargement et le d\u00e9chargement des camions de produits surgel\u00e9s, nous disposons de deux quais de chargement.<\/p>\n\t\t\t\t\t\t<\/div>\n\t\t\t\t<\/div>\n\t\t\t\t<\/div>\n\t\t\t\t<\/div>\n\t\t\t\t\t<\/div>\n\t\t\t\t<\/div>\n\t\t<div class=\"elementor-element elementor-element-9170a12 e-flex e-con-boxed e-con e-parent\" data-id=\"9170a12\" data-element_type=\"container\" data-settings=\"{&quot;background_background&quot;:&quot;classic&quot;}\">\n\t\t\t\t\t<div class=\"e-con-inner\">\n\t\t<div class=\"elementor-element elementor-element-9378a55 e-con-full e-flex e-con e-child\" data-id=\"9378a55\" data-element_type=\"container\">\n\t\t\t\t<div class=\"elementor-element elementor-element-6c2940d elementor-widget elementor-widget-heading\" data-id=\"6c2940d\" data-element_type=\"widget\" data-widget_type=\"heading.default\">\n\t\t\t\t<div class=\"elementor-widget-container\">\n\t\t\t<h2 class=\"elementor-heading-title elementor-size-default\">MANUTENTION<\/h2>\t\t<\/div>\n\t\t\t\t<\/div>\n\t\t\t\t<\/div>\n\t\t<div class=\"elementor-element elementor-element-ab0eaca e-con-full e-flex e-con e-child\" data-id=\"ab0eaca\" data-element_type=\"container\">\n\t\t<div class=\"elementor-element elementor-element-ddf9da3 e-con-full e-flex e-con e-child\" data-id=\"ddf9da3\" data-element_type=\"container\">\n\t\t\t\t<div class=\"elementor-element elementor-element-b1d9218 elementor-widget elementor-widget-text-editor\" data-id=\"b1d9218\" data-element_type=\"widget\" data-widget_type=\"text-editor.default\">\n\t\t\t\t<div class=\"elementor-widget-container\">\n\t\t\t\t\t\t\t<p>Outre la r\u00e9frig\u00e9ration et la cong\u00e9lation, Frigo Fernelmont dispose de machines sp\u00e9cialis\u00e9es pour la manutention des marchandises.<\/p>\n\t\t\t\t\t\t<\/div>\n\t\t\t\t<\/div>\n\t\t\t\t<div class=\"elementor-element elementor-element-51da958 elementor-widget elementor-widget-text-editor\" data-id=\"51da958\" data-element_type=\"widget\" data-widget_type=\"text-editor.default\">\n\t\t\t\t<div class=\"elementor-widget-container\">\n\t\t\t\t\t\t\t<p>Ainsi, nous offrons la possibilit\u00e9 de:<\/p>\n<p><span style=\"color: #1e769c; font-weight: bold;\"><img decoding=\"async\" src=\"https:\/\/onlinereservation.frigofernelmont.be\/wp-content\/uploads\/2024\/03\/Icon-ion-snow-outline.svg\"> Le parage et le calibrage des racines de chicons<\/span><\/p>\n<p><span style=\"color: #1e769c; font-weight: bold;\"><img decoding=\"async\" src=\"https:\/\/onlinereservation.frigofernelmont.be\/wp-content\/uploads\/2024\/03\/Icon-ion-snow-outline.svg\"> Parer les carottes et les remettre en caisse<\/span><\/p>\n<p><span style=\"color: #1e769c; font-weight: bold;\"><img decoding=\"async\" src=\"https:\/\/onlinereservation.frigofernelmont.be\/wp-content\/uploads\/2024\/03\/Icon-ion-snow-outline.svg\"> De parer les carottes et de les charger en vrac sur votre camion<\/span><\/p>\n<p><span style=\"color: #1e769c; font-weight: bold;\"><img decoding=\"async\" src=\"https:\/\/onlinereservation.frigofernelmont.be\/wp-content\/uploads\/2024\/03\/Icon-ion-snow-outline.svg\"> R\u00e9ception et livraison d&rsquo;oignons et de pommes de terre en vrac<br \/><\/span><\/p>\n\t\t\t\t\t\t<\/div>\n\t\t\t\t<\/div>\n\t\t\t\t<\/div>\n\t\t<div class=\"elementor-element elementor-element-9ac331e e-con-full e-flex e-con e-child\" data-id=\"9ac331e\" data-element_type=\"container\" data-settings=\"{&quot;background_background&quot;:&quot;classic&quot;}\">\n\t\t\t\t<\/div>\n\t\t\t\t<\/div>\n\t\t\t\t\t<\/div>\n\t\t\t\t<\/div>\n\t\t\t\t<\/div>\n\t\t","protected":false},"excerpt":{"rendered":"<p>REFROIDISSEMENT Carottes Les carottes destin\u00e9es au stockage sont r\u00e9colt\u00e9es en octobre-novembre. Les caisses sont remplies dans le champ et arrivent directement \u00e0 l&rsquo;entrep\u00f4t frigorifique sans aucune manipulation suppl\u00e9mentaire. Gr\u00e2ce \u00e0 un \u00e9quipement moderne et \u00e0 une vaste zone de chargement et de d\u00e9chargement, le stockage se d\u00e9roule sans probl\u00e8me. Une capacit\u00e9 de stockage de 2.000 [&hellip;]<\/p>\n","protected":false},"author":1,"featured_media":0,"parent":0,"menu_order":0,"comment_status":"closed","ping_status":"closed","template":"","meta":{"footnotes":""},"class_list":["post-1669","page","type-page","status-publish","hentry"],"yoast_head":"<!-- This site is optimized with the Yoast SEO plugin v23.7 - https:\/\/yoast.com\/wordpress\/plugins\/seo\/ -->\n<title>Services - Frigo Fernelmont<\/title>\n<meta name=\"robots\" content=\"index, follow, max-snippet:-1, max-image-preview:large, max-video-preview:-1\" \/>\n<link rel=\"canonical\" href=\"https:\/\/www.frigofernelmont.be\/fr\/services\/\" \/>\n<meta property=\"og:locale\" content=\"fr_FR\" \/>\n<meta property=\"og:type\" content=\"article\" \/>\n<meta property=\"og:title\" content=\"Services - Frigo Fernelmont\" \/>\n<meta property=\"og:description\" content=\"REFROIDISSEMENT Carottes Les carottes destin\u00e9es au stockage sont r\u00e9colt\u00e9es en octobre-novembre. Les caisses sont remplies dans le champ et arrivent directement \u00e0 l&rsquo;entrep\u00f4t frigorifique sans aucune manipulation suppl\u00e9mentaire. Gr\u00e2ce \u00e0 un \u00e9quipement moderne et \u00e0 une vaste zone de chargement et de d\u00e9chargement, le stockage se d\u00e9roule sans probl\u00e8me. Une capacit\u00e9 de stockage de 2.000 [&hellip;]\" \/>\n<meta property=\"og:url\" content=\"https:\/\/www.frigofernelmont.be\/fr\/services\/\" \/>\n<meta property=\"og:site_name\" content=\"Frigo Fernelmont\" \/>\n<meta property=\"article:modified_time\" content=\"2024-10-31T10:49:05+00:00\" \/>\n<meta property=\"og:image\" content=\"https:\/\/onlinereservation.frigofernelmont.be\/wp-content\/uploads\/2024\/03\/Icon-ion-snow-outline.svg\" \/>\n<meta name=\"twitter:card\" content=\"summary_large_image\" \/>\n<meta name=\"twitter:label1\" content=\"Dur\u00e9e de lecture estim\u00e9e\" \/>\n\t<meta name=\"twitter:data1\" content=\"5 minutes\" \/>\n<script type=\"application\/ld+json\" class=\"yoast-schema-graph\">{\"@context\":\"https:\/\/schema.org\",\"@graph\":[{\"@type\":\"WebPage\",\"@id\":\"https:\/\/www.frigofernelmont.be\/fr\/services\/\",\"url\":\"https:\/\/www.frigofernelmont.be\/fr\/services\/\",\"name\":\"Services - Frigo Fernelmont\",\"isPartOf\":{\"@id\":\"https:\/\/www.frigofernelmont.be\/fr\/#website\"},\"primaryImageOfPage\":{\"@id\":\"https:\/\/www.frigofernelmont.be\/fr\/services\/#primaryimage\"},\"image\":{\"@id\":\"https:\/\/www.frigofernelmont.be\/fr\/services\/#primaryimage\"},\"thumbnailUrl\":\"https:\/\/onlinereservation.frigofernelmont.be\/wp-content\/uploads\/2024\/03\/Icon-ion-snow-outline.svg\",\"datePublished\":\"2024-03-15T10:23:16+00:00\",\"dateModified\":\"2024-10-31T10:49:05+00:00\",\"breadcrumb\":{\"@id\":\"https:\/\/www.frigofernelmont.be\/fr\/services\/#breadcrumb\"},\"inLanguage\":\"fr-FR\",\"potentialAction\":[{\"@type\":\"ReadAction\",\"target\":[\"https:\/\/www.frigofernelmont.be\/fr\/services\/\"]}]},{\"@type\":\"ImageObject\",\"inLanguage\":\"fr-FR\",\"@id\":\"https:\/\/www.frigofernelmont.be\/fr\/services\/#primaryimage\",\"url\":\"https:\/\/onlinereservation.frigofernelmont.be\/wp-content\/uploads\/2024\/03\/Icon-ion-snow-outline.svg\",\"contentUrl\":\"https:\/\/onlinereservation.frigofernelmont.be\/wp-content\/uploads\/2024\/03\/Icon-ion-snow-outline.svg\"},{\"@type\":\"BreadcrumbList\",\"@id\":\"https:\/\/www.frigofernelmont.be\/fr\/services\/#breadcrumb\",\"itemListElement\":[{\"@type\":\"ListItem\",\"position\":1,\"name\":\"Home\",\"item\":\"https:\/\/www.frigofernelmont.be\/fr\/\"},{\"@type\":\"ListItem\",\"position\":2,\"name\":\"Services\"}]},{\"@type\":\"WebSite\",\"@id\":\"https:\/\/www.frigofernelmont.be\/fr\/#website\",\"url\":\"https:\/\/www.frigofernelmont.be\/fr\/\",\"name\":\"Frigo Fernelmont\",\"description\":\"\",\"publisher\":{\"@id\":\"https:\/\/www.frigofernelmont.be\/fr\/#organization\"},\"potentialAction\":[{\"@type\":\"SearchAction\",\"target\":{\"@type\":\"EntryPoint\",\"urlTemplate\":\"https:\/\/www.frigofernelmont.be\/fr\/?s={search_term_string}\"},\"query-input\":{\"@type\":\"PropertyValueSpecification\",\"valueRequired\":true,\"valueName\":\"search_term_string\"}}],\"inLanguage\":\"fr-FR\"},{\"@type\":\"Organization\",\"@id\":\"https:\/\/www.frigofernelmont.be\/fr\/#organization\",\"name\":\"Frigo Fernelmont\",\"url\":\"https:\/\/www.frigofernelmont.be\/fr\/\",\"logo\":{\"@type\":\"ImageObject\",\"inLanguage\":\"fr-FR\",\"@id\":\"https:\/\/www.frigofernelmont.be\/fr\/#\/schema\/logo\/image\/\",\"url\":\"https:\/\/www.frigofernelmont.be\/wp-content\/uploads\/2022\/07\/logo.png\",\"contentUrl\":\"https:\/\/www.frigofernelmont.be\/wp-content\/uploads\/2022\/07\/logo.png\",\"width\":315,\"height\":100,\"caption\":\"Frigo Fernelmont\"},\"image\":{\"@id\":\"https:\/\/www.frigofernelmont.be\/fr\/#\/schema\/logo\/image\/\"}}]}<\/script>\n<!-- \/ Yoast SEO plugin. -->","yoast_head_json":{"title":"Services - Frigo Fernelmont","robots":{"index":"index","follow":"follow","max-snippet":"max-snippet:-1","max-image-preview":"max-image-preview:large","max-video-preview":"max-video-preview:-1"},"canonical":"https:\/\/www.frigofernelmont.be\/fr\/services\/","og_locale":"fr_FR","og_type":"article","og_title":"Services - Frigo Fernelmont","og_description":"REFROIDISSEMENT Carottes Les carottes destin\u00e9es au stockage sont r\u00e9colt\u00e9es en octobre-novembre. Les caisses sont remplies dans le champ et arrivent directement \u00e0 l&rsquo;entrep\u00f4t frigorifique sans aucune manipulation suppl\u00e9mentaire. Gr\u00e2ce \u00e0 un \u00e9quipement moderne et \u00e0 une vaste zone de chargement et de d\u00e9chargement, le stockage se d\u00e9roule sans probl\u00e8me. Une capacit\u00e9 de stockage de 2.000 [&hellip;]","og_url":"https:\/\/www.frigofernelmont.be\/fr\/services\/","og_site_name":"Frigo Fernelmont","article_modified_time":"2024-10-31T10:49:05+00:00","og_image":[{"url":"https:\/\/onlinereservation.frigofernelmont.be\/wp-content\/uploads\/2024\/03\/Icon-ion-snow-outline.svg"}],"twitter_card":"summary_large_image","twitter_misc":{"Dur\u00e9e de lecture estim\u00e9e":"5 minutes"},"schema":{"@context":"https:\/\/schema.org","@graph":[{"@type":"WebPage","@id":"https:\/\/www.frigofernelmont.be\/fr\/services\/","url":"https:\/\/www.frigofernelmont.be\/fr\/services\/","name":"Services - Frigo Fernelmont","isPartOf":{"@id":"https:\/\/www.frigofernelmont.be\/fr\/#website"},"primaryImageOfPage":{"@id":"https:\/\/www.frigofernelmont.be\/fr\/services\/#primaryimage"},"image":{"@id":"https:\/\/www.frigofernelmont.be\/fr\/services\/#primaryimage"},"thumbnailUrl":"https:\/\/onlinereservation.frigofernelmont.be\/wp-content\/uploads\/2024\/03\/Icon-ion-snow-outline.svg","datePublished":"2024-03-15T10:23:16+00:00","dateModified":"2024-10-31T10:49:05+00:00","breadcrumb":{"@id":"https:\/\/www.frigofernelmont.be\/fr\/services\/#breadcrumb"},"inLanguage":"fr-FR","potentialAction":[{"@type":"ReadAction","target":["https:\/\/www.frigofernelmont.be\/fr\/services\/"]}]},{"@type":"ImageObject","inLanguage":"fr-FR","@id":"https:\/\/www.frigofernelmont.be\/fr\/services\/#primaryimage","url":"https:\/\/onlinereservation.frigofernelmont.be\/wp-content\/uploads\/2024\/03\/Icon-ion-snow-outline.svg","contentUrl":"https:\/\/onlinereservation.frigofernelmont.be\/wp-content\/uploads\/2024\/03\/Icon-ion-snow-outline.svg"},{"@type":"BreadcrumbList","@id":"https:\/\/www.frigofernelmont.be\/fr\/services\/#breadcrumb","itemListElement":[{"@type":"ListItem","position":1,"name":"Home","item":"https:\/\/www.frigofernelmont.be\/fr\/"},{"@type":"ListItem","position":2,"name":"Services"}]},{"@type":"WebSite","@id":"https:\/\/www.frigofernelmont.be\/fr\/#website","url":"https:\/\/www.frigofernelmont.be\/fr\/","name":"Frigo Fernelmont","description":"","publisher":{"@id":"https:\/\/www.frigofernelmont.be\/fr\/#organization"},"potentialAction":[{"@type":"SearchAction","target":{"@type":"EntryPoint","urlTemplate":"https:\/\/www.frigofernelmont.be\/fr\/?s={search_term_string}"},"query-input":{"@type":"PropertyValueSpecification","valueRequired":true,"valueName":"search_term_string"}}],"inLanguage":"fr-FR"},{"@type":"Organization","@id":"https:\/\/www.frigofernelmont.be\/fr\/#organization","name":"Frigo Fernelmont","url":"https:\/\/www.frigofernelmont.be\/fr\/","logo":{"@type":"ImageObject","inLanguage":"fr-FR","@id":"https:\/\/www.frigofernelmont.be\/fr\/#\/schema\/logo\/image\/","url":"https:\/\/www.frigofernelmont.be\/wp-content\/uploads\/2022\/07\/logo.png","contentUrl":"https:\/\/www.frigofernelmont.be\/wp-content\/uploads\/2022\/07\/logo.png","width":315,"height":100,"caption":"Frigo Fernelmont"},"image":{"@id":"https:\/\/www.frigofernelmont.be\/fr\/#\/schema\/logo\/image\/"}}]}},"_links":{"self":[{"href":"https:\/\/www.frigofernelmont.be\/fr\/wp-json\/wp\/v2\/pages\/1669"}],"collection":[{"href":"https:\/\/www.frigofernelmont.be\/fr\/wp-json\/wp\/v2\/pages"}],"about":[{"href":"https:\/\/www.frigofernelmont.be\/fr\/wp-json\/wp\/v2\/types\/page"}],"author":[{"embeddable":true,"href":"https:\/\/www.frigofernelmont.be\/fr\/wp-json\/wp\/v2\/users\/1"}],"replies":[{"embeddable":true,"href":"https:\/\/www.frigofernelmont.be\/fr\/wp-json\/wp\/v2\/comments?post=1669"}],"version-history":[{"count":15,"href":"https:\/\/www.frigofernelmont.be\/fr\/wp-json\/wp\/v2\/pages\/1669\/revisions"}],"predecessor-version":[{"id":2649,"href":"https:\/\/www.frigofernelmont.be\/fr\/wp-json\/wp\/v2\/pages\/1669\/revisions\/2649"}],"wp:attachment":[{"href":"https:\/\/www.frigofernelmont.be\/fr\/wp-json\/wp\/v2\/media?parent=1669"}],"curies":[{"name":"wp","href":"https:\/\/api.w.org\/{rel}","templated":true}]}}